{"id":7581,"date":"2021-06-29T12:30:52","date_gmt":"2021-06-29T10:30:52","guid":{"rendered":"https:\/\/harma.ee\/kasiduss-voolik-ja-seinakinnitus-harma-urban-02\/"},"modified":"2026-01-28T11:44:45","modified_gmt":"2026-01-28T09:44:45","slug":"kasisuihku-letku-ja-seinaasennus-harma-urban-02","status":"publish","type":"product","link":"https:\/\/harma.ee\/fi\/kasisuihku-letku-ja-seinaasennus-harma-urban-02\/","title":{"rendered":"K\u00e4sisuihku, letku ja sein\u00e4kiinnike Harma Urban 02"},"content":{"rendered":"<p data-start=\"215\" data-end=\"428\">Urban-sarja on yhten\u00e4inen yhdistelm\u00e4 modernia kaarevaa muotoilua ja kest\u00e4v\u00e4\u00e4 rakennetta. Mattamusta viimeistely korostaa skandinaavista ajattomuutta.<\/p>\n","protected":false},"excerpt":{"rendered":"<p data-start=\"215\" data-end=\"428\">Urban-sarja on yhten\u00e4inen yhdistelm\u00e4 modernia kaarevaa muotoilua ja kest\u00e4v\u00e4\u00e4 rakennetta. Mattamusta viimeistely korostaa skandinaavista ajattomuutta.<\/p>\n","protected":false},"featured_media":4504,"template":"","meta":[],"product_cat":[424],"product_tag":[328],"acf":[],"_links":{"self":[{"href":"https:\/\/harma.ee\/fi\/wp-json\/wp\/v2\/product\/7581"}],"collection":[{"href":"https:\/\/harma.ee\/fi\/wp-json\/wp\/v2\/product"}],"about":[{"href":"https:\/\/harma.ee\/fi\/wp-json\/wp\/v2\/types\/product"}],"wp:featuredmedia":[{"embeddable":true,"href":"https:\/\/harma.ee\/fi\/wp-json\/wp\/v2\/media\/4504"}],"wp:attachment":[{"href":"https:\/\/harma.ee\/fi\/wp-json\/wp\/v2\/media?parent=7581"}],"wp:term":[{"taxonomy":"product_cat","embeddable":true,"href":"https:\/\/harma.ee\/fi\/wp-json\/wp\/v2\/product_cat?post=7581"},{"taxonomy":"product_tag","embeddable":true,"href":"https:\/\/harma.ee\/fi\/wp-json\/wp\/v2\/product_tag?post=7581"}],"curies":[{"name":"wp","href":"https:\/\/api.w.org\/{rel}","templated":true}]}}