{"id":7584,"date":"2021-06-29T12:30:52","date_gmt":"2021-06-29T10:30:52","guid":{"rendered":"https:\/\/harma.ee\/meditsiiniline-kaepide-harma-h01c\/"},"modified":"2026-01-28T11:39:08","modified_gmt":"2026-01-28T09:39:08","slug":"laaketieteellinen-kahva-harma-h01c","status":"publish","type":"product","link":"https:\/\/harma.ee\/fi\/laaketieteellinen-kahva-harma-h01c\/","title":{"rendered":"L\u00e4\u00e4ketieteellinen kahva Harma H01C"},"content":{"rendered":"<p>Harmaa sekoittimen kahva asennettavaksi l\u00e4\u00e4ketieteellisiin ja terveydenhuoltolaitoksiin H01C. Kromi<\/p>\n","protected":false},"excerpt":{"rendered":"<p>Harmaa sekoittimen kahva asennettavaksi l\u00e4\u00e4ketieteellisiin ja terveydenhuoltolaitoksiin H01C. Kromi<\/p>\n","protected":false},"featured_media":0,"template":"","meta":[],"product_cat":[424],"product_tag":[],"acf":[],"_links":{"self":[{"href":"https:\/\/harma.ee\/fi\/wp-json\/wp\/v2\/product\/7584"}],"collection":[{"href":"https:\/\/harma.ee\/fi\/wp-json\/wp\/v2\/product"}],"about":[{"href":"https:\/\/harma.ee\/fi\/wp-json\/wp\/v2\/types\/product"}],"wp:attachment":[{"href":"https:\/\/harma.ee\/fi\/wp-json\/wp\/v2\/media?parent=7584"}],"wp:term":[{"taxonomy":"product_cat","embeddable":true,"href":"https:\/\/harma.ee\/fi\/wp-json\/wp\/v2\/product_cat?post=7584"},{"taxonomy":"product_tag","embeddable":true,"href":"https:\/\/harma.ee\/fi\/wp-json\/wp\/v2\/product_tag?post=7584"}],"curies":[{"name":"wp","href":"https:\/\/api.w.org\/{rel}","templated":true}]}}