{"id":7656,"date":"2021-06-29T12:28:26","date_gmt":"2021-06-29T10:28:26","guid":{"rendered":"https:\/\/harma.ee\/diverteri-sisu-vannile-harma-iseo-uus-versioon\/"},"modified":"2026-01-28T15:53:38","modified_gmt":"2026-01-28T13:53:38","slug":"harma-iseo-n-hanan-sisalto-uusi-versio","status":"publish","type":"product","link":"https:\/\/harma.ee\/fi\/harma-iseo-n-hanan-sisalto-uusi-versio\/","title":{"rendered":"Vaihtos\u00e4\u00e4timen sis\u00e4osa diverterille Harma ISEO (uusi versio)"},"content":{"rendered":"<p>Vaihteiston sis\u00e4lt\u00f6 kylpyammeeseen Harma ISEO (uusi versio).<\/p>\n","protected":false},"excerpt":{"rendered":"<p>Vaihteiston sis\u00e4lt\u00f6 kylpyammeeseen Harma ISEO (uusi versio).<\/p>\n","protected":false},"featured_media":4928,"template":"","meta":[],"product_cat":[424],"product_tag":[303],"acf":[],"_links":{"self":[{"href":"https:\/\/harma.ee\/fi\/wp-json\/wp\/v2\/product\/7656"}],"collection":[{"href":"https:\/\/harma.ee\/fi\/wp-json\/wp\/v2\/product"}],"about":[{"href":"https:\/\/harma.ee\/fi\/wp-json\/wp\/v2\/types\/product"}],"wp:featuredmedia":[{"embeddable":true,"href":"https:\/\/harma.ee\/fi\/wp-json\/wp\/v2\/media\/4928"}],"wp:attachment":[{"href":"https:\/\/harma.ee\/fi\/wp-json\/wp\/v2\/media?parent=7656"}],"wp:term":[{"taxonomy":"product_cat","embeddable":true,"href":"https:\/\/harma.ee\/fi\/wp-json\/wp\/v2\/product_cat?post=7656"},{"taxonomy":"product_tag","embeddable":true,"href":"https:\/\/harma.ee\/fi\/wp-json\/wp\/v2\/product_tag?post=7656"}],"curies":[{"name":"wp","href":"https:\/\/api.w.org\/{rel}","templated":true}]}}