{"id":7667,"date":"2021-06-29T12:28:25","date_gmt":"2021-06-29T10:28:25","guid":{"rendered":"https:\/\/harma.ee\/segisti-sisu-soe-kulm-on-off-nupp-iseo-uus-versioon\/"},"modified":"2026-01-28T16:05:56","modified_gmt":"2026-01-28T14:05:56","slug":"keraaminen-saatoosa-kylma-kuuma-on-off-nappi-iseo-uusi-vers","status":"publish","type":"product","link":"https:\/\/harma.ee\/fi\/keraaminen-saatoosa-kylma-kuuma-on-off-nappi-iseo-uusi-vers\/","title":{"rendered":"Sekoitinsisus kuuman ja kylm\u00e4n veden on\/off-painikkeelle ISEO (uusi versio)"},"content":{"rendered":"<p>Keraaminen s\u00e4\u00e4t\u00f6osa kylm\u00e4\/kuuma On\/Off nappi Iseo (uusi vers.<\/p>\n","protected":false},"excerpt":{"rendered":"<p>Keraaminen s\u00e4\u00e4t\u00f6osa kylm\u00e4\/kuuma On\/Off nappi Iseo (uusi vers.<\/p>\n","protected":false},"featured_media":4939,"template":"","meta":[],"product_cat":[424],"product_tag":[303],"acf":[],"_links":{"self":[{"href":"https:\/\/harma.ee\/fi\/wp-json\/wp\/v2\/product\/7667"}],"collection":[{"href":"https:\/\/harma.ee\/fi\/wp-json\/wp\/v2\/product"}],"about":[{"href":"https:\/\/harma.ee\/fi\/wp-json\/wp\/v2\/types\/product"}],"wp:featuredmedia":[{"embeddable":true,"href":"https:\/\/harma.ee\/fi\/wp-json\/wp\/v2\/media\/4939"}],"wp:attachment":[{"href":"https:\/\/harma.ee\/fi\/wp-json\/wp\/v2\/media?parent=7667"}],"wp:term":[{"taxonomy":"product_cat","embeddable":true,"href":"https:\/\/harma.ee\/fi\/wp-json\/wp\/v2\/product_cat?post=7667"},{"taxonomy":"product_tag","embeddable":true,"href":"https:\/\/harma.ee\/fi\/wp-json\/wp\/v2\/product_tag?post=7667"}],"curies":[{"name":"wp","href":"https:\/\/api.w.org\/{rel}","templated":true}]}}