{"id":7694,"date":"2021-06-29T12:28:12","date_gmt":"2021-06-29T10:28:12","guid":{"rendered":"https:\/\/harma.ee\/rullikute-komplekt-ulemine-kahene-dusikabiinile-black-onyx-s28585220-ja-white-onyx-s28585225\/"},"modified":"2026-01-29T09:13:18","modified_gmt":"2026-01-29T07:13:18","slug":"ovirullien-sarja-ylapuolelle-paripyorat-suihkukaapeille-black-onyx-s28585220-ja-white-onyx-s28585225","status":"publish","type":"product","link":"https:\/\/harma.ee\/fi\/ovirullien-sarja-ylapuolelle-paripyorat-suihkukaapeille-black-onyx-s28585220-ja-white-onyx-s28585225\/","title":{"rendered":"Yl\u00e4puolinen rullasarja (kaksinkertainen) suihkukaappiin Black Onyx S28585220 ja White Onyx S28585225"},"content":{"rendered":"<p>Ovirullien sarja yl\u00e4puolelle (paripy\u00f6r\u00e4t) suihkukaapeille Black Onyx S28585220 ja White Onyx S28585225.<\/p>\n","protected":false},"excerpt":{"rendered":"<p>Ovirullien sarja yl\u00e4puolelle (paripy\u00f6r\u00e4t) suihkukaapeille Black Onyx S28585220 ja White Onyx S28585225.<\/p>\n","protected":false},"featured_media":7834,"template":"","meta":[],"product_cat":[424],"product_tag":[264,335],"acf":[],"_links":{"self":[{"href":"https:\/\/harma.ee\/fi\/wp-json\/wp\/v2\/product\/7694"}],"collection":[{"href":"https:\/\/harma.ee\/fi\/wp-json\/wp\/v2\/product"}],"about":[{"href":"https:\/\/harma.ee\/fi\/wp-json\/wp\/v2\/types\/product"}],"wp:featuredmedia":[{"embeddable":true,"href":"https:\/\/harma.ee\/fi\/wp-json\/wp\/v2\/media\/7834"}],"wp:attachment":[{"href":"https:\/\/harma.ee\/fi\/wp-json\/wp\/v2\/media?parent=7694"}],"wp:term":[{"taxonomy":"product_cat","embeddable":true,"href":"https:\/\/harma.ee\/fi\/wp-json\/wp\/v2\/product_cat?post=7694"},{"taxonomy":"product_tag","embeddable":true,"href":"https:\/\/harma.ee\/fi\/wp-json\/wp\/v2\/product_tag?post=7694"}],"curies":[{"name":"wp","href":"https:\/\/api.w.org\/{rel}","templated":true}]}}