{"id":7736,"date":"2021-06-29T12:28:03","date_gmt":"2021-06-29T10:28:03","guid":{"rendered":"https:\/\/harma.ee\/rullikud-harma-dn-dusinurkadele-ulemised-komplekt-4-tk\/"},"modified":"2026-01-29T10:48:23","modified_gmt":"2026-01-29T08:48:23","slug":"rullat-harmaa-dn-suihkukulmat-ylempi-sarja-4-kpl","status":"publish","type":"product","link":"https:\/\/harma.ee\/fi\/rullat-harmaa-dn-suihkukulmat-ylempi-sarja-4-kpl\/","title":{"rendered":"Yl\u00e4puoliset rullat Harma DN -suihkunurkkiin (4 kpl sarja)"},"content":{"rendered":"<p data-start=\"124\" data-end=\"242\">4 kaksipy\u00f6r\u00e4ist\u00e4 yl\u00e4\u00adrullaa suihkukaappeihin.<\/p>\n","protected":false},"excerpt":{"rendered":"<p data-start=\"124\" data-end=\"242\">4 kaksipy\u00f6r\u00e4ist\u00e4 yl\u00e4\u00adrullaa suihkukaappeihin.<\/p>\n","protected":false},"featured_media":7108,"template":"","meta":[],"product_cat":[424],"product_tag":[],"acf":[],"_links":{"self":[{"href":"https:\/\/harma.ee\/fi\/wp-json\/wp\/v2\/product\/7736"}],"collection":[{"href":"https:\/\/harma.ee\/fi\/wp-json\/wp\/v2\/product"}],"about":[{"href":"https:\/\/harma.ee\/fi\/wp-json\/wp\/v2\/types\/product"}],"wp:featuredmedia":[{"embeddable":true,"href":"https:\/\/harma.ee\/fi\/wp-json\/wp\/v2\/media\/7108"}],"wp:attachment":[{"href":"https:\/\/harma.ee\/fi\/wp-json\/wp\/v2\/media?parent=7736"}],"wp:term":[{"taxonomy":"product_cat","embeddable":true,"href":"https:\/\/harma.ee\/fi\/wp-json\/wp\/v2\/product_cat?post=7736"},{"taxonomy":"product_tag","embeddable":true,"href":"https:\/\/harma.ee\/fi\/wp-json\/wp\/v2\/product_tag?post=7736"}],"curies":[{"name":"wp","href":"https:\/\/api.w.org\/{rel}","templated":true}]}}