{"id":7749,"date":"2023-01-02T11:05:07","date_gmt":"2023-01-02T09:05:07","guid":{"rendered":"https:\/\/harma.ee\/?post_type=product&#038;p=7749"},"modified":"2023-10-06T07:52:53","modified_gmt":"2023-10-06T05:52:53","slug":"suihkukaappi-harma-urban-80x110x210-230cm-4-pakkausta","status":"publish","type":"product","link":"https:\/\/harma.ee\/fi\/suihkukaappi-harma-urban-80x110x210-230cm-4-pakkausta\/","title":{"rendered":"Suihkukaappi Harma URBAN 80X110X230cm (4 pakkausta)"},"content":{"rendered":"<p>Harman Urban-suihkukaapissa on korkeuss\u00e4\u00e4dett\u00e4v\u00e4 suihku, hana, vaijeri ja k\u00e4sisuihku. Lasinen takapaneeli mattamustalla profiililla antaa sille ainutlaatuisen ilmeen. <\/p>\n","protected":false},"excerpt":{"rendered":"<p>Harma Urban -suihkukaappi tuo kylpyhuoneeseen modernin ilmeen ja toiminnallisuuden.<\/p>\n<ul>\n<li>Mitat: 110 x 80 x 230 cm;<\/li>\n<li>V\u00e4ri: Tyylik\u00e4s mustan ja valkoisen yhdistelm\u00e4, joka sopii mihin tahansa nykyaikaiseen kylpyhuoneeseen;<\/li>\n<li>Laatu: Kaapin kirkas turvalasi ja kest\u00e4v\u00e4 alumiinirunko takaavat pitk\u00e4n k\u00e4ytt\u00f6i\u00e4n ja luotettavuuden;<\/li>\n<li>Toiminnallisuus: Kaapissa on useita lis\u00e4varusteita, mukaan lukien k\u00e4sisuihku, magneettitiivisteet, korkealaatuinen sekoitin ja yl\u00e4suihku, joka tarjoaa parhaan suihkuel\u00e4myksen;<\/li>\n<li>Design: Matala pohja allas antaa kaapille elegantin ja minimalistisen ulkon\u00e4\u00f6n;<\/li>\n<li>Kuljetus ja asennus: Tuote on pakattu nelj\u00e4\u00e4n laatikkoon helpompaa kuljetusta ja asennusta varten.<\/li>\n<\/ul>\n<p>Nauti Harma Urban -suihkukaapin laadusta ja tyylist\u00e4 kylpyhuoneessasi!<\/p>\n","protected":false},"featured_media":17340,"template":"","meta":[],"product_cat":[365],"product_tag":[328],"acf":[],"_links":{"self":[{"href":"https:\/\/harma.ee\/fi\/wp-json\/wp\/v2\/product\/7749"}],"collection":[{"href":"https:\/\/harma.ee\/fi\/wp-json\/wp\/v2\/product"}],"about":[{"href":"https:\/\/harma.ee\/fi\/wp-json\/wp\/v2\/types\/product"}],"wp:featuredmedia":[{"embeddable":true,"href":"https:\/\/harma.ee\/fi\/wp-json\/wp\/v2\/media\/17340"}],"wp:attachment":[{"href":"https:\/\/harma.ee\/fi\/wp-json\/wp\/v2\/media?parent=7749"}],"wp:term":[{"taxonomy":"product_cat","embeddable":true,"href":"https:\/\/harma.ee\/fi\/wp-json\/wp\/v2\/product_cat?post=7749"},{"taxonomy":"product_tag","embeddable":true,"href":"https:\/\/harma.ee\/fi\/wp-json\/wp\/v2\/product_tag?post=7749"}],"curies":[{"name":"wp","href":"https:\/\/api.w.org\/{rel}","templated":true}]}}