{"id":7765,"date":"2023-01-02T11:28:37","date_gmt":"2023-01-02T09:28:37","guid":{"rendered":"https:\/\/harma.ee\/?post_type=product&#038;p=7765"},"modified":"2023-10-04T22:31:42","modified_gmt":"2023-10-04T20:31:42","slug":"suihkukaappi-harma-venus-r-80x120x210cm-5-pakkausta","status":"publish","type":"product","link":"https:\/\/harma.ee\/fi\/suihkukaappi-harma-venus-r-80x120x210cm-5-pakkausta\/","title":{"rendered":"Suihkukaappi Harma VENUS L vasen 80X120X210cm (5 pakkausta)"},"content":{"rendered":"<p>Harma-suihkukaappi Venus on varustettu korkeuss\u00e4\u00e4dett\u00e4v\u00e4ll\u00e4 suihkulla, lasihyllyll\u00e4, hanalla, vaijerilla ja k\u00e4sisuihkulla. Lasinen takapaneeli harmailla profiileilla antaa sille ainutlaatuisen ilmeen. <\/p>\n","protected":false},"excerpt":{"rendered":"<p>Harma Venus R -suihkukaappi on ylellinen ja laadukas valinta, joka sopii erityisen hyvin moderneihin kylpyhuoneisiin.<\/p>\n<p>\u2022 Mitat: 120 x 80 x 210 cm<br \/>\n\u2022 Tyylikk\u00e4\u00e4t v\u00e4rit: musta ja valkoinen, sopivat moniin eri sisustuksiin<br \/>\n\u2022 Laadukas l\u00e4pin\u00e4kyv\u00e4 turvalasi takaa turvallisen suihkukokemuksen<br \/>\n\u2022 Tyylik\u00e4s ja kest\u00e4v\u00e4 alumiinikehys<br \/>\n\u2022 Sarjaan kuuluu moderni yl\u00e4suihku, k\u00e4sisuihku, tyylik\u00e4s lasihylly, magneettiset oven lukot ja laadukas sekoitin<br \/>\n\u2022 Korkea alusta lis\u00e4\u00e4 kabinettiin viel\u00e4 enemm\u00e4n eleganssia ja mukavuutta<br \/>\n\u2022 6 hieronta suutinta tarjoavat rentouttavan ja elvytt\u00e4v\u00e4n kokemuksen<br \/>\n\u2022 Pakattu viiteen laatikkoon helpompaa kuljetusta ja asennusta varten.<\/p>\n","protected":false},"featured_media":8788,"template":"","meta":[],"product_cat":[365],"product_tag":[887],"acf":[],"_links":{"self":[{"href":"https:\/\/harma.ee\/fi\/wp-json\/wp\/v2\/product\/7765"}],"collection":[{"href":"https:\/\/harma.ee\/fi\/wp-json\/wp\/v2\/product"}],"about":[{"href":"https:\/\/harma.ee\/fi\/wp-json\/wp\/v2\/types\/product"}],"wp:featuredmedia":[{"embeddable":true,"href":"https:\/\/harma.ee\/fi\/wp-json\/wp\/v2\/media\/8788"}],"wp:attachment":[{"href":"https:\/\/harma.ee\/fi\/wp-json\/wp\/v2\/media?parent=7765"}],"wp:term":[{"taxonomy":"product_cat","embeddable":true,"href":"https:\/\/harma.ee\/fi\/wp-json\/wp\/v2\/product_cat?post=7765"},{"taxonomy":"product_tag","embeddable":true,"href":"https:\/\/harma.ee\/fi\/wp-json\/wp\/v2\/product_tag?post=7765"}],"curies":[{"name":"wp","href":"https:\/\/api.w.org\/{rel}","templated":true}]}}