{"id":7781,"date":"2023-01-02T11:35:08","date_gmt":"2023-01-02T09:35:08","guid":{"rendered":"https:\/\/harma.ee\/?post_type=product&#038;p=7781"},"modified":"2023-10-04T22:25:19","modified_gmt":"2023-10-04T20:25:19","slug":"suihkukaappi-harma-venus-l-80x120x210cm-5-pakkausta","status":"publish","type":"product","link":"https:\/\/harma.ee\/fi\/suihkukaappi-harma-venus-l-80x120x210cm-5-pakkausta\/","title":{"rendered":"Suihkukaappi Harma VENUS L vasen 80X120X210cm (5 pakkausta)"},"content":{"rendered":"<p>Suihkukaappi Harma Venus, jossa korkea pohja, katto, kattosuihku, kuusi hierontasuihkua, sekoitin, lasihylly, peili ja k\u00e4sisuihku. Hopeinen takapaneeli ja harmaat profiilit antavat sille eksklusiivisen ilmeen.<\/p>\n","protected":false},"excerpt":{"rendered":"<p>Harma Venus L -suihkukaappi on ylellinen ja laadukas valinta, joka sopii erityisen hyvin moderneihin kylpyhuoneisiin.<\/p>\n<p>\u2022 Mitat: 120 x 80 x 210 cm<br \/>\n\u2022 Tyylikk\u00e4\u00e4t v\u00e4rit: musta ja valkoinen, sopivat moniin eri sisustuksiin<br \/>\n\u2022 Laadukas l\u00e4pin\u00e4kyv\u00e4 turvalasi takaa turvallisen suihkukokemuksen<br \/>\n\u2022 Tyylik\u00e4s ja kest\u00e4v\u00e4 alumiinikehys<br \/>\n\u2022 Sarjaan kuuluu moderni yl\u00e4suihku, k\u00e4sisuihku, tyylik\u00e4s lasihylly, magneettiset oven lukot ja laadukas sekoitin<br \/>\n\u2022 Korkea alusta lis\u00e4\u00e4 kabinettiin viel\u00e4 enemm\u00e4n eleganssia ja mukavuutta<br \/>\n\u2022 6 hieronta suutinta tarjoavat rentouttavan ja elvytt\u00e4v\u00e4n kokemuksen<br \/>\n\u2022 Pakattu viiteen laatikkoon helpompaa kuljetusta ja asennusta varten.<\/p>\n","protected":false},"featured_media":8784,"template":"","meta":[],"product_cat":[365],"product_tag":[887],"acf":[],"_links":{"self":[{"href":"https:\/\/harma.ee\/fi\/wp-json\/wp\/v2\/product\/7781"}],"collection":[{"href":"https:\/\/harma.ee\/fi\/wp-json\/wp\/v2\/product"}],"about":[{"href":"https:\/\/harma.ee\/fi\/wp-json\/wp\/v2\/types\/product"}],"wp:featuredmedia":[{"embeddable":true,"href":"https:\/\/harma.ee\/fi\/wp-json\/wp\/v2\/media\/8784"}],"wp:attachment":[{"href":"https:\/\/harma.ee\/fi\/wp-json\/wp\/v2\/media?parent=7781"}],"wp:term":[{"taxonomy":"product_cat","embeddable":true,"href":"https:\/\/harma.ee\/fi\/wp-json\/wp\/v2\/product_cat?post=7781"},{"taxonomy":"product_tag","embeddable":true,"href":"https:\/\/harma.ee\/fi\/wp-json\/wp\/v2\/product_tag?post=7781"}],"curies":[{"name":"wp","href":"https:\/\/api.w.org\/{rel}","templated":true}]}}