{"id":5372,"date":"2022-01-06T11:55:48","date_gmt":"2022-01-06T09:55:48","guid":{"rendered":"https:\/\/harma.ee\/%d0%ba%d0%be%d0%bd%d1%82%d0%b0%d0%ba%d1%82\/aitah\/"},"modified":"2023-05-26T08:41:53","modified_gmt":"2023-05-26T06:41:53","slug":"c%d0%bf%d0%b0%d1%81%d0%b8%d0%b1%d0%be","status":"publish","type":"page","link":"https:\/\/harma.ee\/ru\/%d0%ba%d0%be%d0%bd%d1%82%d0%b0%d0%ba%d1%82\/c%d0%bf%d0%b0%d1%81%d0%b8%d0%b1%d0%be\/","title":{"rendered":"\u0421\u043f\u0430\u0441\u0438\u0431\u043e!"},"content":{"rendered":"\t\t<div data-elementor-type=\"wp-page\" data-elementor-id=\"5372\" class=\"elementor elementor-5372 elementor-5361\">\n\t\t\t\t\t\t\t\t\t<section class=\"elementor-section elementor-top-section elementor-element elementor-element-f679980 elementor-section-boxed elementor-section-height-default elementor-section-height-default\" data-id=\"f679980\" data-element_type=\"section\">\n\t\t\t\t\t\t<div class=\"elementor-container elementor-column-gap-default\">\n\t\t\t\t\t<div class=\"elementor-column elementor-col-100 elementor-top-column elementor-element elementor-element-f20408c\" data-id=\"f20408c\" data-element_type=\"column\">\n\t\t\t<div class=\"elementor-widget-wrap elementor-element-populated\">\n\t\t\t\t\t\t\t\t<div class=\"elementor-element elementor-element-b3a7aca elementor-widget elementor-widget-spacer\" data-id=\"b3a7aca\" data-element_type=\"widget\" data-widget_type=\"spacer.default\">\n\t\t\t\t<div class=\"elementor-widget-container\">\n\t\t\t<style>\/*! elementor - v3.13.3 - 28-05-2023 *\/\n.elementor-column .elementor-spacer-inner{height:var(--spacer-size)}.e-con{--container-widget-width:100%}.e-con-inner>.elementor-widget-spacer,.e-con>.elementor-widget-spacer{width:var(--container-widget-width,var(--spacer-size));--align-self:var(--container-widget-align-self,initial);--flex-shrink:0}.e-con-inner>.elementor-widget-spacer>.elementor-widget-container,.e-con-inner>.elementor-widget-spacer>.elementor-widget-container>.elementor-spacer,.e-con>.elementor-widget-spacer>.elementor-widget-container,.e-con>.elementor-widget-spacer>.elementor-widget-container>.elementor-spacer{height:100%}.e-con-inner>.elementor-widget-spacer>.elementor-widget-container>.elementor-spacer>.elementor-spacer-inner,.e-con>.elementor-widget-spacer>.elementor-widget-container>.elementor-spacer>.elementor-spacer-inner{height:var(--container-widget-height,var(--spacer-size))}<\/style>\t\t<div class=\"elementor-spacer\">\n\t\t\t<div class=\"elementor-spacer-inner\"><\/div>\n\t\t<\/div>\n\t\t\t\t<\/div>\n\t\t\t\t<\/div>\n\t\t\t\t<div class=\"elementor-element elementor-element-5f3cfc0 elementor-position-left elementor-vertical-align-middle elementor-widget__width-initial elementor-widget elementor-widget-image-box\" data-id=\"5f3cfc0\" data-element_type=\"widget\" data-widget_type=\"image-box.default\">\n\t\t\t\t<div class=\"elementor-widget-container\">\n\t\t\t<style>\/*! elementor - v3.13.3 - 28-05-2023 *\/\n.elementor-widget-image-box .elementor-image-box-content{width:100%}@media (min-width:768px){.elementor-widget-image-box.elementor-position-left .elementor-image-box-wrapper,.elementor-widget-image-box.elementor-position-right .elementor-image-box-wrapper{display:flex}.elementor-widget-image-box.elementor-position-right .elementor-image-box-wrapper{text-align:right;flex-direction:row-reverse}.elementor-widget-image-box.elementor-position-left .elementor-image-box-wrapper{text-align:left;flex-direction:row}.elementor-widget-image-box.elementor-position-top .elementor-image-box-img{margin:auto}.elementor-widget-image-box.elementor-vertical-align-top .elementor-image-box-wrapper{align-items:flex-start}.elementor-widget-image-box.elementor-vertical-align-middle .elementor-image-box-wrapper{align-items:center}.elementor-widget-image-box.elementor-vertical-align-bottom .elementor-image-box-wrapper{align-items:flex-end}}@media (max-width:767px){.elementor-widget-image-box .elementor-image-box-img{margin-left:auto!important;margin-right:auto!important;margin-bottom:15px}}.elementor-widget-image-box .elementor-image-box-img{display:inline-block}.elementor-widget-image-box .elementor-image-box-title a{color:inherit}.elementor-widget-image-box .elementor-image-box-wrapper{text-align:center}.elementor-widget-image-box .elementor-image-box-description{margin:0}<\/style><div class=\"elementor-image-box-wrapper\"><figure class=\"elementor-image-box-img\"><img decoding=\"async\" width=\"640\" height=\"960\" src=\"https:\/\/harma.ee\/wp-content\/uploads\/2023\/05\/pexels-nataliya-vaitkevich-5122188.jpg\" class=\"attachment-full size-full wp-image-9629\" alt=\"\" loading=\"lazy\" srcset=\"https:\/\/harma.ee\/wp-content\/uploads\/2023\/05\/pexels-nataliya-vaitkevich-5122188.jpg 640w, https:\/\/harma.ee\/wp-content\/uploads\/2023\/05\/pexels-nataliya-vaitkevich-5122188-350x525.jpg 350w, https:\/\/harma.ee\/wp-content\/uploads\/2023\/05\/pexels-nataliya-vaitkevich-5122188-200x300.jpg 200w\" sizes=\"(max-width: 640px) 100vw, 640px\" title=\"\"><\/figure><div class=\"elementor-image-box-content\"><h1 class=\"elementor-image-box-title\">\u0411\u043e\u043b\u044c\u0448\u043e\u0435 \u0441\u043f\u0430\u0441\u0438\u0431\u043e!!\u200b<\/h1><p class=\"elementor-image-box-description\">\u041c\u044b \u043f\u043e\u043b\u0443\u0447\u0438\u043b\u0438 \u0412\u0430\u0448\u0435 \u043f\u0438\u0441\u044c\u043c\u043e \u0438 \u043e\u0447\u0435\u043d\u044c \u0431\u043b\u0430\u0433\u043e\u0434\u0430\u0440\u043d\u044b, \u0447\u0442\u043e \u0412\u044b \u0437\u0430\u0438\u043d\u0442\u0435\u0440\u0435\u0441\u043e\u0432\u0430\u043b\u0438\u0441\u044c \u043d\u0430\u0448\u0435\u0439 \u043f\u0440\u043e\u0434\u0443\u043a\u0446\u0438\u0435\u0439. \u041f\u043e\u0442\u0440\u0435\u0431\u043d\u043e\u0441\u0442\u0438 \u043d\u0430\u0448\u0438\u0445 \u043a\u043b\u0438\u0435\u043d\u0442\u043e\u0432 \u044f\u0432\u043b\u044f\u044e\u0442\u0441\u044f \u043e\u0441\u043d\u043e\u0432\u043e\u0439 \u0434\u043b\u044f \u0432\u0441\u0435\u0445 \u0446\u0435\u043b\u0435\u0439 \u0438 \u0434\u0435\u0439\u0441\u0442\u0432\u0438\u0439, \u043a\u043e\u0442\u043e\u0440\u044b\u0435 \u043c\u044b \u043f\u0440\u0435\u0434\u043f\u0440\u0438\u043d\u0438\u043c\u0430\u0435\u043c.<\/p><\/div><\/div>\t\t<\/div>\n\t\t\t\t<\/div>\n\t\t\t\t\t<\/div>\n\t\t<\/div>\n\t\t\t\t\t\t\t<\/div>\n\t\t<\/section>\n\t\t\t\t\t\t\t<\/div>\n\t\t","protected":false},"excerpt":{"rendered":"<p>Suur t\u00e4nu!!\u200b Teie kiri on meile kohale j\u00f5udnud ja me oleme v\u00e4ga t\u00e4nulikud, et Te olete meie toodetest huvitatud. Meie klientide vajadused on aluseks k\u00f5igile eesm\u00e4rkidele ja tegevustele mida ette v\u00f5tame.<\/p>\n","protected":false},"author":2,"featured_media":0,"parent":5205,"menu_order":0,"comment_status":"closed","ping_status":"closed","template":"elementor_theme","meta":[],"acf":[],"_links":{"self":[{"href":"https:\/\/harma.ee\/ru\/wp-json\/wp\/v2\/pages\/5372"}],"collection":[{"href":"https:\/\/harma.ee\/ru\/wp-json\/wp\/v2\/pages"}],"about":[{"href":"https:\/\/harma.ee\/ru\/wp-json\/wp\/v2\/types\/page"}],"author":[{"embeddable":true,"href":"https:\/\/harma.ee\/ru\/wp-json\/wp\/v2\/users\/2"}],"replies":[{"embeddable":true,"href":"https:\/\/harma.ee\/ru\/wp-json\/wp\/v2\/comments?post=5372"}],"version-history":[{"count":20,"href":"https:\/\/harma.ee\/ru\/wp-json\/wp\/v2\/pages\/5372\/revisions"}],"predecessor-version":[{"id":9722,"href":"https:\/\/harma.ee\/ru\/wp-json\/wp\/v2\/pages\/5372\/revisions\/9722"}],"up":[{"embeddable":true,"href":"https:\/\/harma.ee\/ru\/wp-json\/wp\/v2\/pages\/5205"}],"wp:attachment":[{"href":"https:\/\/harma.ee\/ru\/wp-json\/wp\/v2\/media?parent=5372"}],"curies":[{"name":"wp","href":"https:\/\/api.w.org\/{rel}","templated":true}]}}