{"id":8795,"date":"2023-04-20T12:49:48","date_gmt":"2023-04-20T10:49:48","guid":{"rendered":"https:\/\/harma.ee\/harma-santekhnika-slider\/"},"modified":"2023-08-03T07:34:49","modified_gmt":"2023-08-03T05:34:49","slug":"harma-santekhnika-slider","status":"publish","type":"page","link":"https:\/\/harma.ee\/ru\/harma-santekhnika-slider\/","title":{"rendered":"Harma \u0441\u0430\u043d\u0442\u0435\u0445\u043d\u0438\u043a\u0430 slider"},"content":{"rendered":"\n\n\n\n\n\n\n\n\n\n<div class=\"n2_clear\"><ss3-force-full-width data-overflow-x=\"body\" data-horizontal-selector=\"body\"><div class=\"n2-section-smartslider fitvidsignore  n2_clear\" data-ssid=\"5\"><div id=\"n2-ss-5-align\" class=\"n2-ss-align\"><div class=\"n2-padding\"><div id=\"n2-ss-5\" data-creator=\"Smart Slider 3\" data-responsive=\"fullwidth\" class=\"n2-ss-slider n2-ow n2-has-hover n2notransition  \">\n\n\n\n<div class=\"n2-ss-slider-wrapper-inside\">\n        <div class=\"n2-ss-slider-1 n2_ss__touch_element n2-ow\">\n            <div class=\"n2-ss-slider-2 n2-ow\">\n                                                <div class=\"n2-ss-slider-3 n2-ow\">\n\n                    <div class=\"n2-ss-slide-backgrounds n2-ow-all\"><div class=\"n2-ss-slide-background\" data-public-id=\"1\" data-mode=\"fill\"><div class=\"n2-ss-slide-background-image\" data-blur=\"0\" data-opacity=\"100\" data-x=\"50\" data-y=\"50\" data-alt=\"Harma massaa\u017eivannide valik peegeldab aastatepikkust kogemust ja klientide eelistusi. Pakume Teile m\u00f5istlikus hinnaklassis kvaliteetseid tooteid ning rahva poolt omaks v\u00f5etud ajatuid disaine.\" data-title=\"Massaa\u017eivannid\"><picture class=\"skip-lazy\" data-skip-lazy=\"1\"><img decoding=\"async\" src=\"\/\/harma.ee\/wp-content\/uploads\/2023\/04\/harma-kabiinid.jpg\" alt=\"Harma massaa\u017eivannide valik peegeldab aastatepikkust kogemust ja klientide eelistusi. Pakume Teile m\u00f5istlikus hinnaklassis kvaliteetseid tooteid ning rahva poolt omaks v\u00f5etud ajatuid disaine.\" title=\"Massaa\u017eivannid\" loading=\"lazy\" class=\"skip-lazy\" data-skip-lazy=\"1\"><\/picture><\/div><div data-color=\"RGBA(255,255,255,0)\" style=\"background-color: RGBA(255,255,255,0);\" class=\"n2-ss-slide-background-color\"><\/div><\/div><div class=\"n2-ss-slide-background\" data-public-id=\"2\" data-mode=\"fill\"><div class=\"n2-ss-slide-background-image\" data-blur=\"0\" data-opacity=\"100\" data-x=\"50\" data-y=\"50\" data-alt=\"Harma massaa\u017eivannide valik peegeldab aastatepikkust kogemust ja klientide eelistusi. Pakume Teile m\u00f5istlikus hinnaklassis kvaliteetseid tooteid ning rahva poolt omaks v\u00f5etud ajatuid disaine.\" data-title=\"Massaa\u017eivannid\"><picture class=\"skip-lazy\" data-skip-lazy=\"1\"><img decoding=\"async\" src=\"\/\/harma.ee\/wp-content\/uploads\/2023\/04\/harma-vannid.jpg\" alt=\"Harma massaa\u017eivannide valik peegeldab aastatepikkust kogemust ja klientide eelistusi. Pakume Teile m\u00f5istlikus hinnaklassis kvaliteetseid tooteid ning rahva poolt omaks v\u00f5etud ajatuid disaine.\" title=\"Massaa\u017eivannid\" loading=\"lazy\" class=\"skip-lazy\" data-skip-lazy=\"1\"><\/picture><\/div><div data-color=\"RGBA(255,255,255,0)\" style=\"background-color: RGBA(255,255,255,0);\" class=\"n2-ss-slide-background-color\"><\/div><\/div><div class=\"n2-ss-slide-background\" data-public-id=\"3\" data-mode=\"fill\"><div class=\"n2-ss-slide-background-image\" data-blur=\"0\" data-opacity=\"100\" data-x=\"50\" data-y=\"50\" data-alt=\"Harma du\u0161ikabiinide valik on loodud spetsiaalselt P\u00f5hjamaade turu jaoks. Need tooted on sertifitseeritud, kindla vastupidavusega ja kasutusmugavusega. J\u00e4tkuv tootearendus tagab selle tooteperekonna valiku pideva suurenemise.\" data-title=\"Du\u0161ikabiinid\"><picture class=\"skip-lazy\" data-skip-lazy=\"1\"><img decoding=\"async\" src=\"\/\/harma.ee\/wp-content\/uploads\/2023\/04\/harma-hero-kabiin.jpg\" alt=\"Harma du\u0161ikabiinide valik on loodud spetsiaalselt P\u00f5hjamaade turu jaoks. Need tooted on sertifitseeritud, kindla vastupidavusega ja kasutusmugavusega. J\u00e4tkuv tootearendus tagab selle tooteperekonna valiku pideva suurenemise.\" title=\"Du\u0161ikabiinid\" loading=\"lazy\" class=\"skip-lazy\" data-skip-lazy=\"1\"><\/picture><\/div><div data-color=\"RGBA(255,255,255,0)\" style=\"background-color: RGBA(255,255,255,0);\" class=\"n2-ss-slide-background-color\"><\/div><\/div><div class=\"n2-ss-slide-background\" data-public-id=\"4\" data-mode=\"fill\"><div class=\"n2-ss-slide-background-image\" data-blur=\"0\" data-opacity=\"100\" data-x=\"50\" data-y=\"50\" data-alt=\"Harma segistid on disaini, kasutusmugavuse ja parimate materjalide koosk\u00f5la. Harma segistite valikus on sarjad mis on m\u00f5eldud ka k\u00f5ige n\u00f5udlikuma kasutaja vajaduste rahuldamiseks. Lisaks segistitele pakume ka hulganisti lisatarvikuid.\" data-title=\"Segistid\"><picture class=\"skip-lazy\" data-skip-lazy=\"1\"><img decoding=\"async\" src=\"\/\/harma.ee\/wp-content\/uploads\/2023\/04\/harma-segistid.jpg\" alt=\"Harma segistid on disaini, kasutusmugavuse ja parimate materjalide koosk\u00f5la. Harma segistite valikus on sarjad mis on m\u00f5eldud ka k\u00f5ige n\u00f5udlikuma kasutaja vajaduste rahuldamiseks. Lisaks segistitele pakume ka hulganisti lisatarvikuid.\" title=\"Segistid\" loading=\"lazy\" class=\"skip-lazy\" data-skip-lazy=\"1\"><\/picture><\/div><div data-color=\"RGBA(255,255,255,0)\" style=\"background-color: RGBA(255,255,255,0);\" class=\"n2-ss-slide-background-color\"><\/div><\/div><\/div>                    <div class=\"n2-ss-slider-4 n2-ow\">\n                        <svg xmlns=\"http:\/\/www.w3.org\/2000\/svg\" viewBox=\"0 0 1664 950\" data-related-device=\"desktopPortrait\" class=\"n2-ow n2-ss-preserve-size n2-ss-preserve-size--slider n2-ss-slide-limiter\"><\/svg><div data-first=\"1\" data-slide-duration=\"0\" data-id=\"15\" data-slide-public-id=\"1\" data-title=\"\u0414\u043e\u0431\u0440\u043e \u043f\u043e\u0436\u0430\u043b\u043e\u0432\u0430\u0442\u044c!\" class=\"n2-ss-slide n2-ow  n2-ss-slide-15\"><div role=\"note\" class=\"n2-ss-slide--focus\" tabindex=\"-1\">\u0414\u043e\u0431\u0440\u043e \u043f\u043e\u0436\u0430\u043b\u043e\u0432\u0430\u0442\u044c!<\/div><div class=\"n2-ss-layers-container n2-ss-slide-limiter n2-ow\"><div class=\"n2-ss-layer n2-ow n-uc-DkD5znWaWFIE\" data-sstype=\"slide\" data-pm=\"default\"><div class=\"n2-ss-layer n2-ow n-uc-JDcghJRItUB3\" data-pm=\"default\" data-sstype=\"content\" data-hasbackground=\"1\"><div class=\"n2-ss-section-main-content n2-ss-layer-with-background n2-ss-layer-content n2-ow n-uc-JDcghJRItUB3-inner\"><div class=\"n2-ss-layer n2-ow n-uc-QiAUkGaGtipa\" data-pm=\"normal\" data-sstype=\"layer\"><h1 id=\"n2-ss-5item1\" class=\"n2-font-313d44f4cda2fde0b632473b67ceb43c-hover   n2-ss-item-content n2-ss-text n2-ow\" style=\"display:block;\">\u0414\u043e\u0431\u0440\u043e \u043f\u043e\u0436\u0430\u043b\u043e\u0432\u0430\u0442\u044c!<\/h1><\/div><div class=\"n2-ss-layer n2-ow frontpage-text n-uc-AMQX9VxP7GDk\" data-pm=\"normal\" data-sstype=\"layer\"><div class=\"n2-ss-item-content n2-ss-text n2-ow-all\"><div class=\"\"><p class=\"n2-font-9312d1905d989f7595270063d942ffb8-paragraph   \">\u041c\u044b \u0440\u0430\u0434\u044b, \u0447\u0442\u043e \u0432\u044b \u043f\u043e\u0441\u0435\u0449\u0430\u0435\u0442\u0435 \u0441\u0430\u0439\u0442 \u0431\u0440\u0435\u043d\u0434\u0430 Harma. \u0417\u0434\u0435\u0441\u044c \u0432\u044b \u043c\u043e\u0436\u0435\u0442\u0435 \u043f\u043e\u043b\u0443\u0447\u0438\u0442\u044c \u043e\u0431\u0437\u043e\u0440 \u043f\u0440\u0435\u0434\u043b\u0430\u0433\u0430\u0435\u043c\u043e\u0439 \u043d\u0430\u043c\u0438 \u0441\u0430\u043d\u0442\u0435\u0445\u043d\u0438\u0447\u0435\u0441\u043a\u043e\u0439 \u043f\u0440\u043e\u0434\u0443\u043a\u0446\u0438\u0438, \u0438\u043d\u0444\u043e\u0440\u043c\u0430\u0446\u0438\u044e \u043e \u0437\u0430\u043f\u0430\u0441\u043d\u044b\u0445 \u0447\u0430\u0441\u0442\u044f\u0445 \u0438 \u0441\u043e\u0432\u0435\u0442\u044b \u043f\u043e \u0431\u0435\u0441\u043f\u0440\u043e\u0431\u043b\u0435\u043c\u043d\u043e\u0439 \u0443\u0441\u0442\u0430\u043d\u043e\u0432\u043a\u0435.<\/p>\n<\/div><\/div><\/div><\/div><\/div><\/div><\/div><\/div><div data-slide-duration=\"0\" data-id=\"16\" data-slide-public-id=\"2\" data-title=\"\u0412\u0430\u043d\u043d\u044b \u0441 \u043c\u0430\u0441\u0441\u0430\u0436\u0435\u043c\" data-haslink=\"1\" data-href=\"\/massaazivannid\" tabindex=\"0\" role=\"button\" data-n2click=\"url\" data-force-pointer=\"\" class=\"n2-ss-slide n2-ow  n2-ss-slide-16\"><div role=\"note\" class=\"n2-ss-slide--focus\">\u0412\u0430\u043d\u043d\u044b \u0441 \u043c\u0430\u0441\u0441\u0430\u0436\u0435\u043c<\/div><div class=\"n2-ss-layers-container n2-ss-slide-limiter n2-ow\"><div class=\"n2-ss-layer n2-ow n-uc-cj21Cpnr3PEu\" data-sstype=\"slide\" data-pm=\"default\"><div class=\"n2-ss-layer n2-ow n-uc-slnS3uLLgxOJ\" data-pm=\"default\" data-sstype=\"content\" data-hasbackground=\"1\"><div class=\"n2-ss-section-main-content n2-ss-layer-with-background n2-ss-layer-content n2-ow n-uc-slnS3uLLgxOJ-inner\"><div class=\"n2-ss-layer n2-ow n-uc-XYAkRFAynxDN\" data-pm=\"normal\" data-sstype=\"layer\"><h1 id=\"n2-ss-5item3\" class=\"  n2-ss-item-content n2-ss-text n2-ow\" style=\"display:block;\"><a class=\"n2-ow n2-font-313d44f4cda2fde0b632473b67ceb43c-hover \" style=\"display:block;\" href=\"\/massaazivannid\">\u0412\u0430\u043d\u043d\u044b \u0441 \u043c\u0430\u0441\u0441\u0430\u0436\u0435\u043c<\/a><\/h1><\/div><div class=\"n2-ss-layer n2-ow n-uc-s2IiHirGAlSX\" data-pm=\"normal\" data-sstype=\"layer\"><div class=\"n2-ss-item-content n2-ss-text n2-ow-all\"><div class=\"\"><p class=\"n2-font-9312d1905d989f7595270063d942ffb8-paragraph   \">\u0410\u0441\u0441\u043e\u0440\u0442\u0438\u043c\u0435\u043d\u0442 Harma \u0412\u0430\u043d\u043d\u044b \u0441 \u043c\u0430\u0441\u0441\u0430\u0436\u0435\u043c \u043e\u0442\u0440\u0430\u0436\u0430\u0435\u0442 \u043c\u043d\u043e\u0433\u043e\u043b\u0435\u0442\u043d\u0438\u0439 \u043e\u043f\u044b\u0442 \u0438 \u043f\u0440\u0435\u0434\u043f\u043e\u0447\u0442\u0435\u043d\u0438\u044f \u043a\u043b\u0438\u0435\u043d\u0442\u043e\u0432. \u041c\u044b \u043f\u0440\u0435\u0434\u043b\u0430\u0433\u0430\u0435\u043c \u0432\u0430\u043c \u043f\u0440\u043e\u0434\u0443\u043a\u0446\u0438\u044e \u0432\u044b\u0441\u043e\u043a\u043e\u0433\u043e \u043a\u0430\u0447\u0435\u0441\u0442\u0432\u0430 \u043f\u043e \u0440\u0430\u0437\u0443\u043c\u043d\u044b\u043c \u0446\u0435\u043d\u0430\u043c \u0438 \u0432\u043d\u0435\u0432\u0440\u0435\u043c\u0435\u043d\u043d\u043e\u0439 \u0434\u0438\u0437\u0430\u0439\u043d, \u043f\u0440\u0438\u043d\u044f\u0442\u044b\u0439 \u043b\u044e\u0434\u044c\u043c\u0438.<\/p>\n<\/div><\/div><\/div><\/div><\/div><\/div><\/div><\/div><div data-slide-duration=\"0\" data-id=\"17\" data-slide-public-id=\"3\" data-title=\"\u0414\u0443\u0448\u0435\u0432\u044b\u0435 \u043a\u0430\u0431\u0438\u043d\u044b\" data-haslink=\"1\" data-href=\"\/dusikabiinid\" tabindex=\"0\" role=\"button\" data-n2click=\"url\" data-force-pointer=\"\" class=\"n2-ss-slide n2-ow  n2-ss-slide-17\"><div role=\"note\" class=\"n2-ss-slide--focus\">\u0414\u0443\u0448\u0435\u0432\u044b\u0435 \u043a\u0430\u0431\u0438\u043d\u044b<\/div><div class=\"n2-ss-layers-container n2-ss-slide-limiter n2-ow\"><div class=\"n2-ss-layer n2-ow n-uc-GEyb1yy2ogxq\" data-sstype=\"slide\" data-pm=\"default\"><div class=\"n2-ss-layer n2-ow n-uc-IPlceAiNqdli\" data-pm=\"default\" data-sstype=\"content\" data-hasbackground=\"1\"><div class=\"n2-ss-section-main-content n2-ss-layer-with-background n2-ss-layer-content n2-ow n-uc-IPlceAiNqdli-inner\"><div class=\"n2-ss-layer n2-ow n-uc-g3KmCR5ctVzi\" data-pm=\"normal\" data-sstype=\"layer\"><div id=\"n2-ss-5item5\" class=\"  n2-ss-item-content n2-ss-text n2-ow\" style=\"display:block;\"><a class=\"n2-ow n2-font-313d44f4cda2fde0b632473b67ceb43c-hover \" style=\"display:block;\" href=\"\/dusikabiinid\">\u0414\u0443\u0448\u0435\u0432\u044b\u0435 \u043a\u0430\u0431\u0438\u043d\u044b<\/a><\/div><\/div><div class=\"n2-ss-layer n2-ow n-uc-YqO7N5qYcg5G\" data-pm=\"normal\" data-sstype=\"layer\"><div class=\"n2-ss-item-content n2-ss-text n2-ow-all\"><div class=\"\"><p class=\"n2-font-9312d1905d989f7595270063d942ffb8-paragraph   \">\u0410\u0441\u0441\u043e\u0440\u0442\u0438\u043c\u0435\u043d\u0442 Harma \u0414\u0443\u0448\u0435\u0432\u044b\u0435 \u043a\u0430\u0431\u0438\u043d\u044b \u0440\u0430\u0437\u0440\u0430\u0431\u043e\u0442\u0430\u043d \u0441\u043f\u0435\u0446\u0438\u0430\u043b\u044c\u043d\u043e \u0434\u043b\u044f \u0440\u044b\u043d\u043a\u0430 \u0421\u043a\u0430\u043d\u0434\u0438\u043d\u0430\u0432\u0438\u0438. \u042d\u0442\u0438 \u043f\u0440\u043e\u0434\u0443\u043a\u0442\u044b \u0441\u0435\u0440\u0442\u0438\u0444\u0438\u0446\u0438\u0440\u043e\u0432\u0430\u043d\u044b, \u0438\u043c\u0435\u044e\u0442 \u0433\u0430\u0440\u0430\u043d\u0442\u0438\u0440\u043e\u0432\u0430\u043d\u043d\u044b\u0439 \u0441\u0440\u043e\u043a \u0441\u043b\u0443\u0436\u0431\u044b \u0438 \u043f\u0440\u043e\u0441\u0442\u043e\u0442\u0443 \u0438\u0441\u043f\u043e\u043b\u044c\u0437\u043e\u0432\u0430\u043d\u0438\u044f. \u041f\u043e\u0441\u0442\u043e\u044f\u043d\u043d\u043e\u0435 \u0440\u0430\u0437\u0432\u0438\u0442\u0438\u0435 \u043f\u0440\u043e\u0434\u0443\u043a\u0442\u0430 \u043e\u0431\u0435\u0441\u043f\u0435\u0447\u0438\u0432\u0430\u0435\u0442 \u043f\u043e\u0441\u0442\u043e\u044f\u043d\u043d\u043e\u0435 \u0443\u0432\u0435\u043b\u0438\u0447\u0435\u043d\u0438\u0435 \u0432\u044b\u0431\u043e\u0440\u0430 \u044d\u0442\u043e\u0433\u043e \u0430\u0441\u0441\u043e\u0440\u0442\u0438\u043c\u0435\u043d\u0442\u0430.<\/p>\n<\/div><\/div><\/div><\/div><\/div><\/div><\/div><\/div><div data-slide-duration=\"0\" data-id=\"18\" data-slide-public-id=\"4\" data-title=\"\u0421\u043c\u0435\u0441\u0438\u0442\u0435\u043b\u0438\" data-haslink=\"1\" data-href=\"\/segistid\" tabindex=\"0\" role=\"button\" data-n2click=\"url\" data-force-pointer=\"\" class=\"n2-ss-slide n2-ow  n2-ss-slide-18\"><div role=\"note\" class=\"n2-ss-slide--focus\">\u0421\u043c\u0435\u0441\u0438\u0442\u0435\u043b\u0438<\/div><div class=\"n2-ss-layers-container n2-ss-slide-limiter n2-ow\"><div class=\"n2-ss-layer n2-ow n-uc-MvQMS2spEOxm\" data-sstype=\"slide\" data-pm=\"default\"><div class=\"n2-ss-layer n2-ow n-uc-D91gmU16K3P4\" data-pm=\"default\" data-sstype=\"content\" data-hasbackground=\"1\"><div class=\"n2-ss-section-main-content n2-ss-layer-with-background n2-ss-layer-content n2-ow n-uc-D91gmU16K3P4-inner\"><div class=\"n2-ss-layer n2-ow n-uc-h5xTbkqXTJI9\" data-pm=\"normal\" data-sstype=\"layer\"><div id=\"n2-ss-5item7\" class=\"  n2-ss-item-content n2-ss-text n2-ow\" style=\"display:block;\"><a class=\"n2-ow n2-font-313d44f4cda2fde0b632473b67ceb43c-hover \" style=\"display:block;\" href=\"\/segistid\">\u0421\u043c\u0435\u0441\u0438\u0442\u0435\u043b\u0438<\/a><\/div><\/div><div class=\"n2-ss-layer n2-ow n-uc-yAhUwF7Y93WG\" data-pm=\"normal\" data-sstype=\"layer\"><div class=\"n2-ss-item-content n2-ss-text n2-ow-all\"><div class=\"\"><p class=\"n2-font-9312d1905d989f7595270063d942ffb8-paragraph   \">\u0421\u043c\u0435\u0441\u0438\u0442\u0435\u043b\u0438 Harma \u0441\u043e\u0447\u0435\u0442\u0430\u044e\u0442 \u0432 \u0441\u0435\u0431\u0435 \u0434\u0438\u0437\u0430\u0439\u043d, \u043f\u0440\u043e\u0441\u0442\u043e\u0442\u0443 \u0438\u0441\u043f\u043e\u043b\u044c\u0437\u043e\u0432\u0430\u043d\u0438\u044f \u0438 \u0433\u0430\u0440\u043c\u043e\u043d\u0438\u044e \u043b\u0443\u0447\u0448\u0438\u0445 \u043c\u0430\u0442\u0435\u0440\u0438\u0430\u043b\u043e\u0432. \u0410\u0441\u0441\u043e\u0440\u0442\u0438\u043c\u0435\u043d\u0442 \u043c\u0438\u043a\u0441\u0435\u0440\u043e\u0432 Harma \u0432\u043a\u043b\u044e\u0447\u0430\u0435\u0442 \u0441\u0435\u0440\u0438\u0438, \u043a\u043e\u0442\u043e\u0440\u044b\u0435 \u0441\u043e\u0437\u0434\u0430\u043d\u044b \u0434\u043b\u044f \u0443\u0434\u043e\u0432\u043b\u0435\u0442\u0432\u043e\u0440\u0435\u043d\u0438\u044f \u043f\u043e\u0442\u0440\u0435\u0431\u043d\u043e\u0441\u0442\u0435\u0439 \u0434\u0430\u0436\u0435 \u0441\u0430\u043c\u043e\u0433\u043e \u0442\u0440\u0435\u0431\u043e\u0432\u0430\u0442\u0435\u043b\u044c\u043d\u043e\u0433\u043e \u043f\u043e\u043b\u044c\u0437\u043e\u0432\u0430\u0442\u0435\u043b\u044f. \u041f\u043e\u043c\u0438\u043c\u043e \u0441\u043c\u0435\u0441\u0438\u0442\u0435\u043b\u0435\u0439, \u043c\u044b \u0442\u0430\u043a\u0436\u0435 \u043f\u0440\u0435\u0434\u043b\u0430\u0433\u0430\u0435\u043c \u043a \u043d\u0438\u043c \u0448\u0438\u0440\u043e\u043a\u0438\u0439 \u0432\u044b\u0431\u043e\u0440 \u0430\u043a\u0441\u0435\u0441\u0441\u0443\u0430\u0440\u043e\u0432.<\/p>\n<\/div><\/div><\/div><\/div><\/div><\/div><\/div><\/div>                    <\/div>\n\n                                    <\/div>\n            <\/div>\n        <\/div>\n        <div class=\"n2-ss-slider-controls n2-ss-slider-controls-absolute-left-center\"><div style=\"--widget-offset:40px;\" class=\"n2-ss-widget n2-ss-control-bullet n2-ow-all n2-ss-control-bullet-vertical\" data-hide-mobileportrait=\"1\"><div class=\" nextend-bullet-bar n2-bar-justify-content-center\"><div class=\"n2-bullet n2-style-1bdfea35823a3d5f8b9ffe362de7dc82-dot \" style=\"visibility:hidden;\"><\/div><\/div><\/div><\/div><\/div><\/div><ss3-loader><\/ss3-loader><\/div><\/div><div class=\"n2_clear\"><\/div><\/div><\/ss3-force-full-width><\/div>","protected":false},"excerpt":{"rendered":"","protected":false},"author":2,"featured_media":0,"parent":0,"menu_order":0,"comment_status":"closed","ping_status":"closed","template":"","meta":[],"acf":[],"_links":{"self":[{"href":"https:\/\/harma.ee\/ru\/wp-json\/wp\/v2\/pages\/8795"}],"collection":[{"href":"https:\/\/harma.ee\/ru\/wp-json\/wp\/v2\/pages"}],"about":[{"href":"https:\/\/harma.ee\/ru\/wp-json\/wp\/v2\/types\/page"}],"author":[{"embeddable":true,"href":"https:\/\/harma.ee\/ru\/wp-json\/wp\/v2\/users\/2"}],"replies":[{"embeddable":true,"href":"https:\/\/harma.ee\/ru\/wp-json\/wp\/v2\/comments?post=8795"}],"version-history":[{"count":4,"href":"https:\/\/harma.ee\/ru\/wp-json\/wp\/v2\/pages\/8795\/revisions"}],"predecessor-version":[{"id":11466,"href":"https:\/\/harma.ee\/ru\/wp-json\/wp\/v2\/pages\/8795\/revisions\/11466"}],"wp:attachment":[{"href":"https:\/\/harma.ee\/ru\/wp-json\/wp\/v2\/media?parent=8795"}],"curies":[{"name":"wp","href":"https:\/\/api.w.org\/{rel}","templated":true}]}}