{"id":7398,"date":"2021-06-29T14:28:03","date_gmt":"2021-06-29T12:28:03","guid":{"rendered":"https:\/\/harma.ee\/harma-aio-valamu-valamukapp-peegel-80cm-valge\/"},"modified":"2023-07-15T19:15:42","modified_gmt":"2023-07-15T17:15:42","slug":"harma-aio-%d1%80%d0%b0%d0%ba%d0%be%d0%b2%d0%b8%d0%bd%d0%b0%d1%88%d0%ba%d0%b0%d1%84-%d0%b4%d0%bb%d1%8f-%d1%80%d0%b0%d0%ba%d0%be%d0%b2%d0%b8%d0%bd%d1%8b%d0%b7%d0%b5%d1%80%d0%ba%d0%b0%d0%bb%d0%be-80cm","status":"publish","type":"product","link":"https:\/\/harma.ee\/ru\/harma-aio-%d1%80%d0%b0%d0%ba%d0%be%d0%b2%d0%b8%d0%bd%d0%b0%d1%88%d0%ba%d0%b0%d1%84-%d0%b4%d0%bb%d1%8f-%d1%80%d0%b0%d0%ba%d0%be%d0%b2%d0%b8%d0%bd%d1%8b%d0%b7%d0%b5%d1%80%d0%ba%d0%b0%d0%bb%d0%be-80cm\/","title":{"rendered":"Harma AIO (Valamu + Valamukapp + Peegel ) 80cm, Valge"},"content":{"rendered":"<p>Valge Harma AIO seeria valamukapi, kraanikausi ja seinapeegli komplekt on ideaalne k\u00f5ik \u00fches pakett vannitoa sisekujunduse t\u00f5stmiseks, pakkudes samal ajal t\u00e4iendavat hoiuruumi.<\/p>\n","protected":false},"excerpt":{"rendered":"<p>Valge Harma AIO seeria valamukapi, kraanikausi ja seinapeegli komplekt on ideaalne k\u00f5ik \u00fches pakett vannitoa sisekujunduse t\u00f5stmiseks, pakkudes samal ajal t\u00e4iendavat hoiuruumi.<\/p>\n","protected":false},"featured_media":4405,"template":"","meta":[],"product_cat":[1087],"product_tag":[251],"acf":[],"_links":{"self":[{"href":"https:\/\/harma.ee\/ru\/wp-json\/wp\/v2\/product\/7398"}],"collection":[{"href":"https:\/\/harma.ee\/ru\/wp-json\/wp\/v2\/product"}],"about":[{"href":"https:\/\/harma.ee\/ru\/wp-json\/wp\/v2\/types\/product"}],"wp:featuredmedia":[{"embeddable":true,"href":"https:\/\/harma.ee\/ru\/wp-json\/wp\/v2\/media\/4405"}],"wp:attachment":[{"href":"https:\/\/harma.ee\/ru\/wp-json\/wp\/v2\/media?parent=7398"}],"wp:term":[{"taxonomy":"product_cat","embeddable":true,"href":"https:\/\/harma.ee\/ru\/wp-json\/wp\/v2\/product_cat?post=7398"},{"taxonomy":"product_tag","embeddable":true,"href":"https:\/\/harma.ee\/ru\/wp-json\/wp\/v2\/product_tag?post=7398"}],"curies":[{"name":"wp","href":"https:\/\/api.w.org\/{rel}","templated":true}]}}